{"id":39,"date":"2026-02-25T12:40:45","date_gmt":"2026-02-25T12:40:45","guid":{"rendered":"https:\/\/autozmf.de\/?page_id=39"},"modified":"2026-02-25T12:43:01","modified_gmt":"2026-02-25T12:43:01","slug":"impressum","status":"publish","type":"page","link":"https:\/\/autozmf.de\/index.php\/impressum\/","title":{"rendered":"Impressum"},"content":{"rendered":"\n<p><strong>Pepe GmbH <\/strong><\/p>\n\n\n\n<p><\/p>\n\n\n\n<p><\/p>\n\n\n\n<p>Wetzlarerstra\u00dfe 2a<\/p>\n\n\n\n<p>90427 N\u00fcrnberg <\/p>\n\n\n\n<p>Deutschland <\/p>\n\n\n\n<p>Telefon: +49 151 66329488 <\/p>\n\n\n\n<p>E-Mail: kontakt@autozmf.de <\/p>\n\n\n\n<p><\/p>\n\n\n\n<p>Vertreten durch den Gesch\u00e4ftsf\u00fchrer: <\/p>\n\n\n\n<p>Ionut-Alexandru Iorga <\/p>\n\n\n\n<p>Registergericht: Amtsgericht N\u00fcrnberg <\/p>\n\n\n\n<p>Handelsregisternummer: HRB 41104 <\/p>\n\n\n\n<p>Umsatzsteuer-Identifikationsnummer gem\u00e4\u00df \u00a727a UStG: DE359415894 <\/p>\n\n\n\n<p>Unternehmensgegenstand: Handel mit Kraftfahrzeugen sowie Kraftfahrzeugvermittlung. Verantwortlich f\u00fcr den Inhalt nach \u00a7 18 Abs. 2 MStV: Ionut-Alexandru Iorga, Anschrift wie oben.<\/p>\n\n\n\n<p><\/p>\n","protected":false},"excerpt":{"rendered":"<p>Pepe GmbH Wetzlarerstra\u00dfe 2a 90427 N\u00fcrnberg Deutschland Telefon: +49 151 66329488 E-Mail: kontakt@autozmf.de Vertreten durch den Gesch\u00e4ftsf\u00fchrer: Ionut-Alexandru Iorga Registergericht: Amtsgericht N\u00fcrnberg Handelsregisternummer: HRB 41104 Umsatzsteuer-Identifikationsnummer gem\u00e4\u00df \u00a727a UStG: DE359415894 Unternehmensgegenstand: Handel mit Kraftfahrzeugen sowie Kraftfahrzeugvermittlung. Verantwortlich f\u00fcr den Inhalt nach \u00a7 18 Abs. 2 MStV: Ionut-Alexandru Iorga, Anschrift wie oben.<\/p>\n","protected":false},"author":1,"featured_media":0,"parent":0,"menu_order":0,"comment_status":"closed","ping_status":"closed","template":"","meta":{"footnotes":""},"class_list":["post-39","page","type-page","status-publish","hentry"],"_links":{"self":[{"href":"https:\/\/autozmf.de\/index.php\/wp-json\/wp\/v2\/pages\/39","targetHints":{"allow":["GET"]}}],"collection":[{"href":"https:\/\/autozmf.de\/index.php\/wp-json\/wp\/v2\/pages"}],"about":[{"href":"https:\/\/autozmf.de\/index.php\/wp-json\/wp\/v2\/types\/page"}],"author":[{"embeddable":true,"href":"https:\/\/autozmf.de\/index.php\/wp-json\/wp\/v2\/users\/1"}],"replies":[{"embeddable":true,"href":"https:\/\/autozmf.de\/index.php\/wp-json\/wp\/v2\/comments?post=39"}],"version-history":[{"count":3,"href":"https:\/\/autozmf.de\/index.php\/wp-json\/wp\/v2\/pages\/39\/revisions"}],"predecessor-version":[{"id":42,"href":"https:\/\/autozmf.de\/index.php\/wp-json\/wp\/v2\/pages\/39\/revisions\/42"}],"wp:attachment":[{"href":"https:\/\/autozmf.de\/index.php\/wp-json\/wp\/v2\/media?parent=39"}],"curies":[{"name":"wp","href":"https:\/\/api.w.org\/{rel}","templated":true}]}}